{"id":10,"date":"2024-02-07T11:09:08","date_gmt":"2024-02-07T11:09:08","guid":{"rendered":"https:\/\/harmonie-ayurveda-provence.fr\/?page_id=10"},"modified":"2025-02-23T09:03:01","modified_gmt":"2025-02-23T09:03:01","slug":"layurveda","status":"publish","type":"page","link":"https:\/\/harmonie-ayurveda-provence.fr\/?page_id=10","title":{"rendered":"L&rsquo;Ayurv\u00e9da"},"content":{"rendered":"\n<h2 class=\"wp-block-heading\"><strong>Pr\u00e9sentation<\/strong><\/h2>\n\n\n\n<p><a href=\"https:\/\/fr.wikipedia.org\/wiki\/Ayurveda#cite_note-DataAyush-80\" data-type=\"link\" data-id=\"https:\/\/fr.wikipedia.org\/wiki\/Ayurveda#cite_note-DataAyush-80\" target=\"_blank\" rel=\"noreferrer noopener\">L&rsquo;Ayurveda<\/a> est la m\u00e9decine traditionnelle Indienne. Son \u00e9tymologie provient du sanskrit \u00abayur\u00bb, la vie, et \u00abveda\u00bb, la connaissance et peut se traduire par la science de la vie ou la science de la long\u00e9vit\u00e9.<\/p>\n\n\n\n<p>En Inde, <strong>pr\u00e8s de 80&nbsp;%<\/strong> de la population utilise une forme de m\u00e9decine traditionnelle, dont l&rsquo;Ayurveda. Le pays dispose d&rsquo;environ 440&nbsp;000&nbsp;praticiens, 2&nbsp;300 h\u00f4pitaux et 24&nbsp;000&nbsp;dispensaires ayurv\u00e9diques. Le m\u00e9decin ayurv\u00e9dique est autant reconnu que le m\u00e9decin moderne et collaborent \u00e9troitement.<\/p>\n\n\n<div class=\"wp-block-image\">\n<figure class=\"alignleft size-full\"><a href=\"https:\/\/fr.wikipedia.org\/wiki\/Dhanvantari\"><img loading=\"lazy\" decoding=\"async\" width=\"277\" height=\"481\" src=\"https:\/\/harmonie-ayurveda-provence.fr\/wp-content\/uploads\/2024\/02\/277px-Godofayurveda1.jpeg\" alt=\"\" class=\"wp-image-48\" srcset=\"https:\/\/harmonie-ayurveda-provence.fr\/wp-content\/uploads\/2024\/02\/277px-Godofayurveda1.jpeg 277w, https:\/\/harmonie-ayurveda-provence.fr\/wp-content\/uploads\/2024\/02\/277px-Godofayurveda1-173x300.jpeg 173w\" sizes=\"auto, (max-width: 277px) 100vw, 277px\" \/><\/a><figcaption class=\"wp-element-caption\">Miniature repr\u00e9sentant Dhavantari.<br><strong>Dhanvantari<\/strong>  appara\u00eet comme le dieu de l\u2019Ayurveda.<br><a href=\"https:\/\/en.wikipedia.org\/wiki\/Dhanvantari\" target=\"_blank\" rel=\"noreferrer noopener\">https:\/\/en.wikipedia.org\/wiki\/Dhanvantari<\/a> <\/figcaption><\/figure>\n<\/div>\n\n\n<p>L&rsquo;Ayurv\u00e9da est une m\u00e9decine <strong>traditionnelle<\/strong> dans le sens o\u00f9 la connaissance provient d&rsquo;un savoir ancestral oral puis \u00e9crit. Les textes fondateurs datent d&rsquo;avant notre \u00e8re et sont en r\u00e9alit\u00e9 des commentaires d&rsquo;un savoir encore plus ancien.<\/p>\n\n\n\n<p>C&rsquo;est une m\u00e9decine <strong>holistique<\/strong> dans le sens o\u00f9 l&rsquo;Ayurv\u00e9da prend en compte toutes les dimensions de l&rsquo;\u00eatre humain. Physique, mentale, \u00e9motionnelle et spirituelle. Et au-del\u00e0 des limites de la personne, l&rsquo;Ayurv\u00e9da int\u00e8gre l&rsquo;\u00eatre humain \u00e0 son environnement. L\u2019environnement agit constamment sur lui mais \u00e9galement sur se qui se passe \u00e0 l\u2019int\u00e9rieur.<\/p>\n\n\n\n<p><strong>Le but de l&rsquo;Ayurv\u00e9da est double<\/strong>: le maintien de la sant\u00e9 et la gu\u00e9rison des maladies.<\/p>\n\n\n\n<p>Le maintien de la sant\u00e9 est obtenu en \u00e9quilibrant chaque individu.<\/p>\n\n\n\n<p>La gu\u00e9rison des maladies est obtenue \u00e0 la fois en retrouvant cet \u00e9quilibre individuel et aussi en traitant la maladie elle m\u00eame.<\/p>\n\n\n\n<p>Pour permettre de maintenir la sant\u00e9 ou gu\u00e9rir une maladie, le praticien ayurv\u00e9dique conseille au patient un style de vie en accord avec son \u00e9quilibre personnel, sa <strong>Prakriti<\/strong>. Pour cela il peut donner des conseils portant \u00e0 la fois sur l&rsquo;alimentation, une hygi\u00e8ne de vie (des auto-massages aux soins des yeux ou de la bouche&#8230;), des pratiques personnelles (yoga, rythme de vie, activit\u00e9 physique&#8230;). Enfin il pourra conseiller la prise de certaines rem\u00e8des ayurv\u00e9dique pour permettre au corps de retrouver son \u00e9quilibre.<\/p>\n\n\n\n<p>Enfin le praticien pourra donner des soins au patient tel que les massages et autres techniques corporelles. En voici quelques exemples qui vous sont <a href=\"https:\/\/harmonie-ayurveda-provence.fr\/?page_id=20\" data-type=\"link\" data-id=\"https:\/\/harmonie-ayurveda-provence.fr\/?page_id=20\">propos\u00e9s<\/a>.<\/p>\n\n\n\n<h2 class=\"wp-block-heading\"><strong>Principes de base<\/strong><\/h2>\n\n\n\n<h3 class=\"wp-block-heading\">Les cinq \u00e9l\u00e9ments :<\/h3>\n\n\n\n<p>Selon l&rsquo;Ayurv\u00e9da il existe cinq grands \u00ab&nbsp;\u00e9l\u00e9ments&nbsp;\u00bb qui formeraient l&rsquo;univers tout entier y compris le corps humain&nbsp;:<\/p>\n\n\n\n<ul class=\"wp-block-list\">\n<li><em>Akasha<\/em>&nbsp;: l&rsquo;espace<\/li>\n\n\n\n<li><em>Vayu<\/em>&nbsp;: l&rsquo;air<\/li>\n\n\n\n<li><em>Agni<\/em> ou <em><a href=\"https:\/\/fr.wikipedia.org\/wiki\/Tejas_(%C3%A9l%C3%A9ment)\">tejas<\/a><\/em>&nbsp;: le feu<\/li>\n\n\n\n<li><em>Prithivi<\/em> : la terre<\/li>\n\n\n\n<li><em>Jala<\/em> ou <em>Ap<\/em>: l&rsquo;eau<\/li>\n<\/ul>\n\n\n\n<p>Selon l&rsquo;Ayurv\u00e9da, nous ferions partie int\u00e9grante du cosmos et les \u00e9l\u00e9ments primordiaux qui constituent l&rsquo;univers nous impr\u00e8gnent \u00e9galement en tous points. Ces cinq \u00e9l\u00e9ments ne devraient pas \u00eatre compris au sens litt\u00e9ral mais repr\u00e9sentent les <em>notions<\/em> d&rsquo;espace, de mouvement, de chaleur, de flux et de solidit\u00e9.<\/p>\n\n\n\n<h3 class=\"wp-block-heading\">Les Doshas<\/h3>\n\n\n\n<p>Les trois <em>doshas<\/em> sont compos\u00e9s des cinq \u00e9l\u00e9ments&nbsp;:<\/p>\n\n\n\n<ul class=\"wp-block-list\">\n<li><em>Vata<\/em>&nbsp;: Ether et air <em>(mouvement)<\/em><\/li>\n\n\n\n<li><em>Pitta<\/em>&nbsp;: Feu et eau <em>(transformation)<\/em><\/li>\n\n\n\n<li><em>Kapha<\/em>&nbsp;: Terre et eau <em>(coh\u00e9sion)<\/em><\/li>\n<\/ul>\n\n\n\n<p>La d\u00e9finition de dosha est complexe, ils peuvent \u00e0 la fois \u00eatre vu comme des principes physique mesurable (mouvement, chaleur et structure) ou comme des forces\/entit\u00e9s agissante dont l&rsquo;\u00e9quilibre assure la sant\u00e9&nbsp;:<\/p>\n\n\n<div class=\"wp-block-image\">\n<figure class=\"alignleft size-full is-resized\"><img loading=\"lazy\" decoding=\"async\" width=\"1024\" height=\"1024\" src=\"https:\/\/harmonie-ayurveda-provence.fr\/wp-content\/uploads\/2024\/02\/doshas_ayurveda-1024x1024-1.jpg\" alt=\"\" class=\"wp-image-54\" style=\"width:187px;height:auto\" srcset=\"https:\/\/harmonie-ayurveda-provence.fr\/wp-content\/uploads\/2024\/02\/doshas_ayurveda-1024x1024-1.jpg 1024w, https:\/\/harmonie-ayurveda-provence.fr\/wp-content\/uploads\/2024\/02\/doshas_ayurveda-1024x1024-1-300x300.jpg 300w, https:\/\/harmonie-ayurveda-provence.fr\/wp-content\/uploads\/2024\/02\/doshas_ayurveda-1024x1024-1-150x150.jpg 150w, https:\/\/harmonie-ayurveda-provence.fr\/wp-content\/uploads\/2024\/02\/doshas_ayurveda-1024x1024-1-768x768.jpg 768w, https:\/\/harmonie-ayurveda-provence.fr\/wp-content\/uploads\/2024\/02\/doshas_ayurveda-1024x1024-1-100x100.jpg 100w\" sizes=\"auto, (max-width: 767px) 89vw, (max-width: 1000px) 54vw, (max-width: 1071px) 543px, 580px\" \/><figcaption class=\"wp-element-caption\">Les <a href=\"https:\/\/fr.wikipedia.org\/wiki\/Dosha\">doshas<\/a> de l&rsquo;Ayurveda et les cinq \u00e9l\u00e9ments dont ils sont compos\u00e9s.<\/figcaption><\/figure>\n<\/div>\n\n\n<ul class=\"wp-block-list\">\n<li><em>V\u0101ta<\/em>&nbsp;: mouvement<\/li>\n\n\n\n<li><em>Pitta<\/em>&nbsp;: chaleur transformante&nbsp;;<\/li>\n\n\n\n<li><em>Kapha<\/em>&nbsp;: structure.<\/li>\n<\/ul>\n\n\n\n<p>Ces doshas sont pr\u00e9sentes \u00e0 des degr\u00e9s diff\u00e9rents chez chaque individu. Cette vision des trois doshas \u2014 ou <em>humeurs<\/em> \u2014 est primordiale. Le ou les doshas dominants d&rsquo;un individu d\u00e9terminent ses tendances ainsi que ses forces et ses faiblesses. Le praticien ayurv\u00e9dique, conseille au patient un style de vie en accord avec sa <em>prakriti<\/em> \u2014 sa constitution ayurv\u00e9dique, m\u00e9lange des trois doshas.<\/p>\n\n\n\n<p>Les constitutions dites doubles sont les plus fr\u00e9quentes (par exemple Pitta &#8211; Kapha la plus fr\u00e9quente en occident). Il est en effet rare d&rsquo;\u00eatre constitu\u00e9 d&rsquo;un seul Dosha ou des trois (tridoshique).<\/p>\n\n\n\n<p>Les Doshas d\u00e9terminent l&rsquo;aspect physique et psychologique de la personne.<\/p>\n\n\n\n<h3 class=\"wp-block-heading\">Les Agnis<\/h3>\n\n\n\n<p>Agni signifie Feu et est responsable de la transformation des choses (ce qui correspond au m\u00e9tabolisme). Il existe de nombreux agnis dans notre corps don le principal qui soutient tout les autres est le Jataragni, le feu digestif.<\/p>\n\n\n\n<p>Ce feu digestif est responsable de transformer notre nourriture (donc des \u00e9l\u00e9ments ext\u00e9rieur \u00e0 soi) en nutriments (des \u00e9l\u00e9ments faisant partie de nous).<\/p>\n\n\n\n<p>Un feu digestif \u00e9quilibr\u00e9 est essentiel \u00e0 notre sant\u00e9.<\/p>\n\n\n\n<p>\u00ab\u00a0Le bonheur c&rsquo;est un bon compte en banque, une bonne cuisini\u00e8re et une bonne digestion.\u00a0\u00bb &#8211; Jean Jacques Rousseau<\/p>\n\n\n\n<p><\/p>\n","protected":false},"excerpt":{"rendered":"<p>Pr\u00e9sentation L&rsquo;Ayurveda est la m\u00e9decine traditionnelle Indienne. Son \u00e9tymologie provient du sanskrit \u00abayur\u00bb, la vie, et \u00abveda\u00bb, la connaissance et peut se traduire par la science de la vie ou la science de la long\u00e9vit\u00e9. En Inde, pr\u00e8s de 80&nbsp;% de la population utilise une forme de m\u00e9decine traditionnelle, dont l&rsquo;Ayurveda. Le pays dispose d&rsquo;environ &hellip; <\/p>\n<p class=\"link-more\"><a href=\"https:\/\/harmonie-ayurveda-provence.fr\/?page_id=10\" class=\"more-link\">Continuer la lecture<span class=\"screen-reader-text\"> de &laquo;&nbsp;L&rsquo;Ayurv\u00e9da&nbsp;&raquo;<\/span><\/a><\/p>\n","protected":false},"author":1,"featured_media":92,"parent":0,"menu_order":0,"comment_status":"closed","ping_status":"closed","template":"","meta":{"footnotes":""},"class_list":["post-10","page","type-page","status-publish","has-post-thumbnail","hentry"],"_links":{"self":[{"href":"https:\/\/harmonie-ayurveda-provence.fr\/index.php?rest_route=\/wp\/v2\/pages\/10","targetHints":{"allow":["GET"]}}],"collection":[{"href":"https:\/\/harmonie-ayurveda-provence.fr\/index.php?rest_route=\/wp\/v2\/pages"}],"about":[{"href":"https:\/\/harmonie-ayurveda-provence.fr\/index.php?rest_route=\/wp\/v2\/types\/page"}],"author":[{"embeddable":true,"href":"https:\/\/harmonie-ayurveda-provence.fr\/index.php?rest_route=\/wp\/v2\/users\/1"}],"replies":[{"embeddable":true,"href":"https:\/\/harmonie-ayurveda-provence.fr\/index.php?rest_route=%2Fwp%2Fv2%2Fcomments&post=10"}],"version-history":[{"count":15,"href":"https:\/\/harmonie-ayurveda-provence.fr\/index.php?rest_route=\/wp\/v2\/pages\/10\/revisions"}],"predecessor-version":[{"id":144,"href":"https:\/\/harmonie-ayurveda-provence.fr\/index.php?rest_route=\/wp\/v2\/pages\/10\/revisions\/144"}],"wp:featuredmedia":[{"embeddable":true,"href":"https:\/\/harmonie-ayurveda-provence.fr\/index.php?rest_route=\/wp\/v2\/media\/92"}],"wp:attachment":[{"href":"https:\/\/harmonie-ayurveda-provence.fr\/index.php?rest_route=%2Fwp%2Fv2%2Fmedia&parent=10"}],"curies":[{"name":"wp","href":"https:\/\/api.w.org\/{rel}","templated":true}]}}