{"id":113,"date":"2025-02-13T13:19:11","date_gmt":"2025-02-13T13:19:11","guid":{"rendered":"https:\/\/harmonie-ayurveda-provence.fr\/?page_id=113"},"modified":"2025-02-16T15:17:30","modified_gmt":"2025-02-16T15:17:30","slug":"massage-bien-etre","status":"publish","type":"page","link":"https:\/\/harmonie-ayurveda-provence.fr\/?page_id=113","title":{"rendered":"Massage Bien \u00eatre"},"content":{"rendered":"\n<p>Je vous propose aussi des massages simplement pour se faire du bien, vous d\u00e9tendre, vous dynamiser&#8230; Les massages sont adapt\u00e9s \u00e0 chacun. L&rsquo;ayurv\u00e9da est la science de l&rsquo;adaptation \u00e0 la personne.<\/p>\n\n\n\n<p>Je vous propose pour cela <strong>un massage aux huiles chaudes<\/strong> qui respect les concepts de l&rsquo;Ayurv\u00e9da.<\/p>\n\n\n\n<p>Ce type de massage permet un nettoyage en profondeur des tissus et de les nourrir, favorise une bonne circulation des fluides et des \u00e9nergies dans le corps, aide au maintien de l\u2019hom\u00e9ostasie du corps (\u00e9quilibre de toutes les fonction du corps), favorise le calme int\u00e9rieur et maintient une harmonie corps\/esprit.<\/p>\n\n\n\n<p>Massage qui allie <strong>douceur et profondeur<\/strong>, pour un apaisement des tensions <strong>physiques et psychiques.<\/strong><\/p>\n\n\n\n<p>Pour vous ou pour faire plaisir \u00e0 votre entourage, je vous accueille pour un massage de 1h 1h30 ou 2h. Selon vos besoins et vos envies. Un petit bilan sera fait avant le massage.<\/p>\n\n\n\n<p>De 60\u20ac 1h \u00e0 100\u20ac les 2h de massage.<\/p>\n\n\n<div class=\"wp-block-image\">\n<figure class=\"aligncenter size-large is-resized\"><img loading=\"lazy\" decoding=\"async\" width=\"724\" height=\"1024\" src=\"https:\/\/harmonie-ayurveda-provence.fr\/wp-content\/uploads\/2025\/02\/fleur-de-vie-couleur-724x1024.jpg\" alt=\"\" class=\"wp-image-118\" style=\"aspect-ratio:1;object-fit:cover;width:240px;height:auto\"\/><\/figure>\n<\/div>","protected":false},"excerpt":{"rendered":"<p>Je vous propose aussi des massages simplement pour se faire du bien, vous d\u00e9tendre, vous dynamiser&#8230; Les massages sont adapt\u00e9s \u00e0 chacun. L&rsquo;ayurv\u00e9da est la science de l&rsquo;adaptation \u00e0 la personne. Je vous propose pour cela un massage aux huiles chaudes qui respect les concepts de l&rsquo;Ayurv\u00e9da. Ce type de massage permet un nettoyage en &hellip; <\/p>\n<p class=\"link-more\"><a href=\"https:\/\/harmonie-ayurveda-provence.fr\/?page_id=113\" class=\"more-link\">Continuer la lecture<span class=\"screen-reader-text\"> de &laquo;&nbsp;Massage Bien \u00eatre&nbsp;&raquo;<\/span><\/a><\/p>\n","protected":false},"author":1,"featured_media":95,"parent":0,"menu_order":0,"comment_status":"closed","ping_status":"closed","template":"","meta":{"footnotes":""},"class_list":["post-113","page","type-page","status-publish","has-post-thumbnail","hentry"],"_links":{"self":[{"href":"https:\/\/harmonie-ayurveda-provence.fr\/index.php?rest_route=\/wp\/v2\/pages\/113","targetHints":{"allow":["GET"]}}],"collection":[{"href":"https:\/\/harmonie-ayurveda-provence.fr\/index.php?rest_route=\/wp\/v2\/pages"}],"about":[{"href":"https:\/\/harmonie-ayurveda-provence.fr\/index.php?rest_route=\/wp\/v2\/types\/page"}],"author":[{"embeddable":true,"href":"https:\/\/harmonie-ayurveda-provence.fr\/index.php?rest_route=\/wp\/v2\/users\/1"}],"replies":[{"embeddable":true,"href":"https:\/\/harmonie-ayurveda-provence.fr\/index.php?rest_route=%2Fwp%2Fv2%2Fcomments&post=113"}],"version-history":[{"count":9,"href":"https:\/\/harmonie-ayurveda-provence.fr\/index.php?rest_route=\/wp\/v2\/pages\/113\/revisions"}],"predecessor-version":[{"id":135,"href":"https:\/\/harmonie-ayurveda-provence.fr\/index.php?rest_route=\/wp\/v2\/pages\/113\/revisions\/135"}],"wp:featuredmedia":[{"embeddable":true,"href":"https:\/\/harmonie-ayurveda-provence.fr\/index.php?rest_route=\/wp\/v2\/media\/95"}],"wp:attachment":[{"href":"https:\/\/harmonie-ayurveda-provence.fr\/index.php?rest_route=%2Fwp%2Fv2%2Fmedia&parent=113"}],"curies":[{"name":"wp","href":"https:\/\/api.w.org\/{rel}","templated":true}]}}