{"id":20,"date":"2024-02-07T12:28:23","date_gmt":"2024-02-07T12:28:23","guid":{"rendered":"https:\/\/harmonie-ayurveda-provence.fr\/?page_id=20"},"modified":"2025-02-16T15:09:23","modified_gmt":"2025-02-16T15:09:23","slug":"consultation","status":"publish","type":"page","link":"https:\/\/harmonie-ayurveda-provence.fr\/?page_id=20","title":{"rendered":"Consultation"},"content":{"rendered":"\n<h2 class=\"wp-block-heading\">Bilan Ayurv\u00e9dique<\/h2>\n\n\n\n<p>Le d\u00e9roulement d&rsquo;une consultation va permettre de d\u00e9terminer votre<strong> Prakriti<\/strong> (votre constitution de naissance, c&rsquo;est \u00e0 dire votre mode de fonctionnement inn\u00e9) puis votre <strong>Vikriti<\/strong> (votre \u00e9quilibre du moment, avec vos d\u00e9s\u00e9quilibres). Pour cela un entretien approfondi est n\u00e9cessaire ainsi que certains examens (prise de pouls, observation de la langue, des yeux&#8230;)<\/p>\n\n\n\n<p>Ensuite s&rsquo;il y a des probl\u00e9matiques particuli\u00e8res elles sont examin\u00e9es par le prisme de l&rsquo;Ayurv\u00e9da.<\/p>\n\n\n\n<p>Apr\u00e8s cela il vous sera donn\u00e9 des conseils portant \u00e0 la fois sur <strong>l&rsquo;alimentation<\/strong>, <strong>l&rsquo;hygi\u00e8ne de vie<\/strong> (des auto-massages aux soins des yeux ou de la bouche&#8230;), des <strong>pratiques personnel<\/strong> (rythme de vie, activit\u00e9 physique, yoga,..).<\/p>\n\n\n\n<p>Il pourra vous \u00eatre conseill\u00e9 la prise de <strong>pr\u00e9paration ayurv\u00e9dique<\/strong> (plantes essentiellement) ou de suivre <strong>certains soins<\/strong> pour permettre au corps de retrouver son \u00e9quilibre.<\/p>\n\n\n\n<p>Enfin un suivi du traitement est n\u00e9cessaire pour d\u00e9terminer son efficacit\u00e9, le poursuivre ou le r\u00e9adapter.<\/p>\n\n\n\n<h1 class=\"wp-block-heading\">Soins en cabinet<\/h1>\n\n\n\n<figure class=\"wp-block-image size-large is-resized\"><img loading=\"lazy\" decoding=\"async\" width=\"1024\" height=\"461\" src=\"https:\/\/harmonie-ayurveda-provence.fr\/wp-content\/uploads\/2024\/09\/massage-1024x461.jpg\" alt=\"\" class=\"wp-image-95\" style=\"width:624px;height:auto\" srcset=\"https:\/\/harmonie-ayurveda-provence.fr\/wp-content\/uploads\/2024\/09\/massage-1024x461.jpg 1024w, https:\/\/harmonie-ayurveda-provence.fr\/wp-content\/uploads\/2024\/09\/massage-300x135.jpg 300w, https:\/\/harmonie-ayurveda-provence.fr\/wp-content\/uploads\/2024\/09\/massage-768x346.jpg 768w, https:\/\/harmonie-ayurveda-provence.fr\/wp-content\/uploads\/2024\/09\/massage-1536x691.jpg 1536w, https:\/\/harmonie-ayurveda-provence.fr\/wp-content\/uploads\/2024\/09\/massage.jpg 2000w\" sizes=\"auto, (max-width: 767px) 89vw, (max-width: 1000px) 54vw, (max-width: 1071px) 543px, 580px\" \/><\/figure>\n\n\n\n<h3 class=\"wp-block-heading\">Massage Abhyenga<\/h3>\n\n\n\n<p>Massage aux huiles chaudes. Nettoie et nourrit les tissus, favorise une bonne circulation des fluides et des \u00e9nergies dans le corps, aide au maintien de l\u2019hom\u00e9ostasie du corps (\u00e9quilibre de toutes les fonctions du corps), favorise le calme int\u00e9rieur et maintient une harmonie corps\/esprit.<\/p>\n\n\n\n<h3 class=\"wp-block-heading\">Point Marmas<\/h3>\n\n\n\n<p>Les Marmas sont des carrefours \u00e9nerg\u00e9tiques et physiologiques. Compl\u00e8tent le travail recherch\u00e9 par les massages en harmonisant, stimulant ou apaisant ces points.<\/p>\n\n\n\n<h3 class=\"wp-block-heading\">Shirodhara<\/h3>\n\n\n\n<p>Ce traitement consiste \u00e0 faire couler un filet d&rsquo;huile ti\u00e8de sur le front. Apporte une relaxation profonde, am\u00e9liore le sommeil et la concentration, soulage l&rsquo;anxi\u00e9t\u00e9, le surmenage et la d\u00e9pression<strong>.<\/strong> Apaise le dosha Vata.<\/p>\n\n\n\n<figure class=\"wp-block-image size-full is-resized\"><img loading=\"lazy\" decoding=\"async\" width=\"334\" height=\"264\" src=\"https:\/\/harmonie-ayurveda-provence.fr\/wp-content\/uploads\/2025\/02\/SHIRODHARA.webp\" alt=\"\" class=\"wp-image-104\" style=\"width:334px;height:auto\" srcset=\"https:\/\/harmonie-ayurveda-provence.fr\/wp-content\/uploads\/2025\/02\/SHIRODHARA.webp 334w, https:\/\/harmonie-ayurveda-provence.fr\/wp-content\/uploads\/2025\/02\/SHIRODHARA-300x237.webp 300w\" sizes=\"auto, (max-width: 334px) 100vw, 334px\" \/><\/figure>\n\n\n\n<h3 class=\"wp-block-heading\">Kati basti<\/h3>\n\n\n\n<p>C&rsquo;est la technique pour les douleurs lombaires. Kati Basti (<em>Kati <\/em>qui signifie \u00ab\u00a0bas du dos\u00a0\u00bb et <em>Basti <\/em>\u00ab\u00a0qui contient\u00a0\u00bb) consiste \u00e0 laisser agir une huile v\u00e9g\u00e9tale ou pr\u00e9parer avec des herbes sur une ou des parties du dos. Ces huiles sont vers\u00e9es dans des \u00ab\u00a0puits\u00a0\u00bb pour leur permettre d&rsquo;agir dans les zones douloureuses.<\/p>\n\n\n\n<figure class=\"wp-block-image size-large is-resized\"><img loading=\"lazy\" decoding=\"async\" width=\"1024\" height=\"682\" src=\"https:\/\/harmonie-ayurveda-provence.fr\/wp-content\/uploads\/2025\/02\/kati_basti-1024x682.jpg\" alt=\"\" class=\"wp-image-108\" style=\"width:338px;height:auto\" srcset=\"https:\/\/harmonie-ayurveda-provence.fr\/wp-content\/uploads\/2025\/02\/kati_basti-1024x682.jpg 1024w, https:\/\/harmonie-ayurveda-provence.fr\/wp-content\/uploads\/2025\/02\/kati_basti-300x200.jpg 300w, https:\/\/harmonie-ayurveda-provence.fr\/wp-content\/uploads\/2025\/02\/kati_basti-768x512.jpg 768w, https:\/\/harmonie-ayurveda-provence.fr\/wp-content\/uploads\/2025\/02\/kati_basti-1536x1024.jpg 1536w, https:\/\/harmonie-ayurveda-provence.fr\/wp-content\/uploads\/2025\/02\/kati_basti.jpg 2000w\" sizes=\"auto, (max-width: 767px) 89vw, (max-width: 1000px) 54vw, (max-width: 1071px) 543px, 580px\" \/><\/figure>\n\n\n\n<h3 class=\"wp-block-heading\">Massage au Bol Kansu<\/h3>\n\n\n\n<p>Massage \u00e0 l&rsquo;aide d&rsquo;un bol en m\u00e9tal et de Ghee. R\u00e9gule tout ce qui est en lien avec le Dosha Pitta. Digestion, syst\u00e8me hormonal, clart\u00e9 d&rsquo;esprit. R\u00e9gule les probl\u00e8mes de peau, de vue&#8230;<\/p>\n\n\n\n<h3 class=\"wp-block-heading\">Pinda swedana<\/h3>\n\n\n\n<p>C&rsquo;est un massage effectu\u00e9 \u00e0 l&rsquo;aide d&rsquo;une pr\u00e9paration de plante enferm\u00e9e dans un tissu, ou bolus. Tout particuli\u00e8rement adapt\u00e9 aux douleurs articulaires.<\/p>\n\n\n\n<figure class=\"wp-block-image size-full is-resized\"><img loading=\"lazy\" decoding=\"async\" width=\"512\" height=\"252\" src=\"https:\/\/harmonie-ayurveda-provence.fr\/wp-content\/uploads\/2025\/02\/choorna_pinda_sweda.jpg\" alt=\"\" class=\"wp-image-110\" style=\"width:349px;height:auto\" srcset=\"https:\/\/harmonie-ayurveda-provence.fr\/wp-content\/uploads\/2025\/02\/choorna_pinda_sweda.jpg 512w, https:\/\/harmonie-ayurveda-provence.fr\/wp-content\/uploads\/2025\/02\/choorna_pinda_sweda-300x148.jpg 300w\" sizes=\"auto, (max-width: 512px) 100vw, 512px\" \/><\/figure>\n\n\n\n<h3 class=\"wp-block-heading\">Prana-th\u00e9rapie<\/h3>\n\n\n\n<p>Permet de nettoyer et recharger les canaux et les centres \u00e9nerg\u00e9tiques du corps qui soutiennent le fonctionnement du corps physique et des doshas.<\/p>\n\n\n\n<h2 class=\"wp-block-heading\">Tarifs<\/h2>\n\n\n\n<p>60\u20ac pour 1h, 80\u20ac pour 1h30 et 100\u20ac pour 2h de massage (sauf soin particulier)<\/p>\n\n\n\n<p>Pour un bilan complet et des conseils d&rsquo;hygi\u00e8ne de vie ayurv\u00e9dique : 50\u20ac (1h \u00e0 1h30)<\/p>\n\n\n\n<p>Le bilan ayurv\u00e9dique peut \u00eatre suivi d&rsquo;un 1er soin.<\/p>\n","protected":false},"excerpt":{"rendered":"<p>Bilan Ayurv\u00e9dique Le d\u00e9roulement d&rsquo;une consultation va permettre de d\u00e9terminer votre Prakriti (votre constitution de naissance, c&rsquo;est \u00e0 dire votre mode de fonctionnement inn\u00e9) puis votre Vikriti (votre \u00e9quilibre du moment, avec vos d\u00e9s\u00e9quilibres). Pour cela un entretien approfondi est n\u00e9cessaire ainsi que certains examens (prise de pouls, observation de la langue, des yeux&#8230;) Ensuite &hellip; <\/p>\n<p class=\"link-more\"><a href=\"https:\/\/harmonie-ayurveda-provence.fr\/?page_id=20\" class=\"more-link\">Continuer la lecture<span class=\"screen-reader-text\"> de &laquo;&nbsp;Consultation&nbsp;&raquo;<\/span><\/a><\/p>\n","protected":false},"author":1,"featured_media":106,"parent":0,"menu_order":0,"comment_status":"closed","ping_status":"closed","template":"","meta":{"footnotes":""},"class_list":["post-20","page","type-page","status-publish","has-post-thumbnail","hentry"],"_links":{"self":[{"href":"https:\/\/harmonie-ayurveda-provence.fr\/index.php?rest_route=\/wp\/v2\/pages\/20","targetHints":{"allow":["GET"]}}],"collection":[{"href":"https:\/\/harmonie-ayurveda-provence.fr\/index.php?rest_route=\/wp\/v2\/pages"}],"about":[{"href":"https:\/\/harmonie-ayurveda-provence.fr\/index.php?rest_route=\/wp\/v2\/types\/page"}],"author":[{"embeddable":true,"href":"https:\/\/harmonie-ayurveda-provence.fr\/index.php?rest_route=\/wp\/v2\/users\/1"}],"replies":[{"embeddable":true,"href":"https:\/\/harmonie-ayurveda-provence.fr\/index.php?rest_route=%2Fwp%2Fv2%2Fcomments&post=20"}],"version-history":[{"count":13,"href":"https:\/\/harmonie-ayurveda-provence.fr\/index.php?rest_route=\/wp\/v2\/pages\/20\/revisions"}],"predecessor-version":[{"id":130,"href":"https:\/\/harmonie-ayurveda-provence.fr\/index.php?rest_route=\/wp\/v2\/pages\/20\/revisions\/130"}],"wp:featuredmedia":[{"embeddable":true,"href":"https:\/\/harmonie-ayurveda-provence.fr\/index.php?rest_route=\/wp\/v2\/media\/106"}],"wp:attachment":[{"href":"https:\/\/harmonie-ayurveda-provence.fr\/index.php?rest_route=%2Fwp%2Fv2%2Fmedia&parent=20"}],"curies":[{"name":"wp","href":"https:\/\/api.w.org\/{rel}","templated":true}]}}