{"id":8,"date":"2024-01-10T07:54:02","date_gmt":"2024-01-10T07:54:02","guid":{"rendered":"https:\/\/harmonie-ayurveda-provence.fr\/?page_id=8"},"modified":"2025-02-23T09:59:28","modified_gmt":"2025-02-23T09:59:28","slug":"accueil","status":"publish","type":"page","link":"https:\/\/harmonie-ayurveda-provence.fr\/","title":{"rendered":"Accueil"},"content":{"rendered":"\n<h2 class=\"wp-block-heading\">Bienvenue sur Harmonie Ayurv\u00e9da Provence.<\/h2>\n\n\n\n<p>Cabinet de consultation et de soins Ayurv\u00e9dique dans la vall\u00e9e du Jabron pr\u00e8s de Sisteron.<\/p>\n\n\n\n<p>Je vous propose des bilans de sant\u00e9, soins et accompagnement en suivant les principes de l&rsquo;Ayurveda.<\/p>\n\n\n\n<p>Dans la vision Ayurv\u00e9dique de l&rsquo;\u00eatre humain, chaque personne est diff\u00e9rente et demande un rythme de vie, une alimentation et des soins individuels. \u00catre accompagn\u00e9 en Ayurveda c&rsquo;est apprendre \u00e0 mieux se connaitre et \u00e0 vivre plus en harmonie avec soi-m\u00eame et son environnement.<\/p>\n\n\n\n<p>L&rsquo;ayurv\u00e9da permet d&rsquo;aborder des probl\u00e9matiques comme :<\/p>\n\n\n\n<ul class=\"wp-block-list\">\n<li>Les douleurs articulaires et musculaire,<\/li>\n\n\n\n<li>Les probl\u00e8mes digestifs,<\/li>\n\n\n\n<li>Les probl\u00e8mes de peau,<\/li>\n\n\n\n<li>Les difficult\u00e9s urinaires,<\/li>\n\n\n\n<li>L\u2019anxi\u00e9t\u00e9, l&rsquo;insomnie<\/li>\n\n\n\n<li>La r\u00e9cup\u00e9ration du sportif,<\/li>\n\n\n\n<li>&#8230;.<\/li>\n<\/ul>\n\n\n\n<p>Vous trouverez sur ce site :<\/p>\n\n\n\n<ul class=\"wp-block-list\">\n<li><a href=\"https:\/\/harmonie-ayurveda-provence.fr\/?page_id=10\" data-type=\"link\" data-id=\"https:\/\/harmonie-ayurveda-provence.fr\/?page_id=10\">Une pr\u00e9sentation de l&rsquo;ayurveda<\/a><\/li>\n\n\n\n<li><a href=\"https:\/\/harmonie-ayurveda-provence.fr\/?page_id=20\" data-type=\"link\" data-id=\"https:\/\/harmonie-ayurveda-provence.fr\/?page_id=20\">Les soins propos\u00e9s<\/a><\/li>\n\n\n\n<li><a href=\"https:\/\/harmonie-ayurveda-provence.fr\/?page_id=113\" data-type=\"link\" data-id=\"https:\/\/harmonie-ayurveda-provence.fr\/?page_id=113\">Les massages bien \u00eatre<\/a><\/li>\n<\/ul>\n\n\n\n<p><\/p>\n","protected":false},"excerpt":{"rendered":"<p>Bienvenue sur Harmonie Ayurv\u00e9da Provence. Cabinet de consultation et de soins Ayurv\u00e9dique dans la vall\u00e9e du Jabron pr\u00e8s de Sisteron. Je vous propose des bilans de sant\u00e9, soins et accompagnement en suivant les principes de l&rsquo;Ayurveda. Dans la vision Ayurv\u00e9dique de l&rsquo;\u00eatre humain, chaque personne est diff\u00e9rente et demande un rythme de vie, une alimentation &hellip; <\/p>\n<p class=\"link-more\"><a href=\"https:\/\/harmonie-ayurveda-provence.fr\/\" class=\"more-link\">Continuer la lecture<span class=\"screen-reader-text\"> de &laquo;&nbsp;Accueil&nbsp;&raquo;<\/span><\/a><\/p>\n","protected":false},"author":1,"featured_media":0,"parent":0,"menu_order":0,"comment_status":"closed","ping_status":"closed","template":"","meta":{"footnotes":""},"class_list":["post-8","page","type-page","status-publish","hentry"],"_links":{"self":[{"href":"https:\/\/harmonie-ayurveda-provence.fr\/index.php?rest_route=\/wp\/v2\/pages\/8","targetHints":{"allow":["GET"]}}],"collection":[{"href":"https:\/\/harmonie-ayurveda-provence.fr\/index.php?rest_route=\/wp\/v2\/pages"}],"about":[{"href":"https:\/\/harmonie-ayurveda-provence.fr\/index.php?rest_route=\/wp\/v2\/types\/page"}],"author":[{"embeddable":true,"href":"https:\/\/harmonie-ayurveda-provence.fr\/index.php?rest_route=\/wp\/v2\/users\/1"}],"replies":[{"embeddable":true,"href":"https:\/\/harmonie-ayurveda-provence.fr\/index.php?rest_route=%2Fwp%2Fv2%2Fcomments&post=8"}],"version-history":[{"count":10,"href":"https:\/\/harmonie-ayurveda-provence.fr\/index.php?rest_route=\/wp\/v2\/pages\/8\/revisions"}],"predecessor-version":[{"id":146,"href":"https:\/\/harmonie-ayurveda-provence.fr\/index.php?rest_route=\/wp\/v2\/pages\/8\/revisions\/146"}],"wp:attachment":[{"href":"https:\/\/harmonie-ayurveda-provence.fr\/index.php?rest_route=%2Fwp%2Fv2%2Fmedia&parent=8"}],"curies":[{"name":"wp","href":"https:\/\/api.w.org\/{rel}","templated":true}]}}